{"id":3206,"date":"2024-07-06T09:18:24","date_gmt":"2024-07-06T09:18:24","guid":{"rendered":"https:\/\/www.colegiosancayetano.com\/?page_id=3206"},"modified":"2024-07-06T09:43:38","modified_gmt":"2024-07-06T09:43:38","slug":"pbau_2024","status":"publish","type":"page","link":"https:\/\/www.colegiosancayetano.com\/en\/pbau_2024\/","title":{"rendered":"Mejor nota PBAU 2024"},"content":{"rendered":"<p style=\"text-align: center;\">Nos complace compartir con vosotros que la mejor nota de la PBAU de Baleares 2024 corresponde a Carla Guti\u00e9rrez Fuster, alumna de nuestro colegio que ha cursado la modalidad de Ciencias y Tecnolog\u00eda. Enhorabuena, Carla, por tu dedicaci\u00f3n, esfuerzo y constancia. \u00a1Todos estamos orgullosos de ti!<\/p>\n<table style=\"width: 99.3882%; border-collapse: collapse; border-style: none;\">\n<tbody>\n<tr>\n<td style=\"width: 50%; border-style: hidden;\"><a href=\"https:\/\/www.ultimahora.es\/noticias\/local\/2024\/07\/05\/2198397\/baleares-alumnos-las-mejores-notas-pbau-visitan-consolat.html\"><img loading=\"lazy\" decoding=\"async\" class=\"size-full wp-image-3203 alignright\" src=\"https:\/\/www.colegiosancayetano.com\/wp-content\/uploads\/2024\/07\/descarga.png\" alt=\"\" width=\"204\" height=\"192\" srcset=\"https:\/\/www.colegiosancayetano.com\/wp-content\/uploads\/2024\/07\/descarga.png 204w, https:\/\/www.colegiosancayetano.com\/wp-content\/uploads\/2024\/07\/descarga-150x141.png 150w, https:\/\/www.colegiosancayetano.com\/wp-content\/uploads\/2024\/07\/descarga-13x12.png 13w\" sizes=\"(max-width: 204px) 100vw, 204px\" \/><\/a><\/td>\n<td style=\"width: 59.659%; border-style: hidden;\"><a href=\"https:\/\/www.diariodemallorca.es\/mallorca\/2024\/07\/05\/carla-gutierrez-mejor-nota-acceso-105121798.html\"><img loading=\"lazy\" decoding=\"async\" class=\"size-medium wp-image-3207 alignleft\" src=\"https:\/\/www.colegiosancayetano.com\/wp-content\/uploads\/2024\/07\/diario-de-mallorca-vector-logo-730x410-1-300x168.png\" alt=\"\" width=\"300\" height=\"168\"><\/a><\/td>\n<\/tr>\n<\/tbody>\n<\/table>\nngg_shortcode_0_placeholder","protected":false},"excerpt":{"rendered":"<p>Nos complace compartir con vosotros que la mejor nota de la PBAU de Baleares 2024 corresponde a Carla Guti\u00e9rrez Fuster, alumna de nuestro colegio que ha cursado la modalidad de Ciencias y Tecnolog\u00eda. Enhorabuena, Carla, por tu dedicaci\u00f3n, esfuerzo y constancia. \u00a1Todos estamos orgullosos de ti!<\/p>","protected":false},"author":2,"featured_media":0,"parent":0,"menu_order":0,"comment_status":"closed","ping_status":"closed","template":"","meta":{"_et_pb_use_builder":"","_et_pb_old_content":"","_et_gb_content_width":"","ngg_post_thumbnail":0,"footnotes":""},"class_list":["post-3206","page","type-page","status-publish","hentry"],"_links":{"self":[{"href":"https:\/\/www.colegiosancayetano.com\/en\/wp-json\/wp\/v2\/pages\/3206","targetHints":{"allow":["GET"]}}],"collection":[{"href":"https:\/\/www.colegiosancayetano.com\/en\/wp-json\/wp\/v2\/pages"}],"about":[{"href":"https:\/\/www.colegiosancayetano.com\/en\/wp-json\/wp\/v2\/types\/page"}],"author":[{"embeddable":true,"href":"https:\/\/www.colegiosancayetano.com\/en\/wp-json\/wp\/v2\/users\/2"}],"replies":[{"embeddable":true,"href":"https:\/\/www.colegiosancayetano.com\/en\/wp-json\/wp\/v2\/comments?post=3206"}],"version-history":[{"count":8,"href":"https:\/\/www.colegiosancayetano.com\/en\/wp-json\/wp\/v2\/pages\/3206\/revisions"}],"predecessor-version":[{"id":3221,"href":"https:\/\/www.colegiosancayetano.com\/en\/wp-json\/wp\/v2\/pages\/3206\/revisions\/3221"}],"wp:attachment":[{"href":"https:\/\/www.colegiosancayetano.com\/en\/wp-json\/wp\/v2\/media?parent=3206"}],"curies":[{"name":"wp","href":"https:\/\/api.w.org\/{rel}","templated":true}]}}